{"id":1284,"date":"2023-05-30T18:55:03","date_gmt":"2023-05-30T18:55:03","guid":{"rendered":"https:\/\/qnp.creol.ucf.edu\/?page_id=1284"},"modified":"2026-03-03T12:23:41","modified_gmt":"2026-03-03T12:23:41","slug":"publications","status":"publish","type":"page","link":"https:\/\/creol.ucf.edu\/qnp\/publications\/","title":{"rendered":"Publications"},"content":{"rendered":"\t\t<div data-elementor-type=\"wp-page\" data-elementor-id=\"1284\" class=\"elementor elementor-1284\" data-elementor-post-type=\"page\">\n\t\t\t\t\t\t<section class=\"elementor-section elementor-top-section elementor-element elementor-element-e1f51f0 elementor-section-boxed elementor-section-height-default elementor-section-height-default\" data-id=\"e1f51f0\" data-element_type=\"section\" data-e-type=\"section\">\n\t\t\t\t\t\t<div class=\"elementor-container elementor-column-gap-default\">\n\t\t\t\t\t<div class=\"elementor-column elementor-col-100 elementor-top-column elementor-element elementor-element-7d8e505\" data-id=\"7d8e505\" data-element_type=\"column\" data-e-type=\"column\">\n\t\t\t<div class=\"elementor-widget-wrap elementor-element-populated\">\n\t\t\t\t\t\t<div class=\"elementor-element elementor-element-584d9c2 elementor-widget elementor-widget-html\" data-id=\"584d9c2\" data-element_type=\"widget\" data-e-type=\"widget\" data-widget_type=\"html.default\">\n\t\t\t\t<div class=\"elementor-widget-container\">\n\t\t\t\t\t <h4>Works<\/h4>\n  <a>For a more comprehnesive list of Dr. Salamin's work, feel free to click the button below:<\/a>\n\t\t\t\t<\/div>\n\t\t\t\t<\/div>\n\t\t\t\t<div class=\"elementor-element elementor-element-4252da6 elementor-align-left elementor-button-info elementor-widget elementor-widget-button\" data-id=\"4252da6\" data-element_type=\"widget\" data-e-type=\"widget\" data-widget_type=\"button.default\">\n\t\t\t\t<div class=\"elementor-widget-container\">\n\t\t\t\t\t\t\t\t\t<div class=\"elementor-button-wrapper\">\n\t\t\t\t\t<a class=\"elementor-button elementor-button-link elementor-size-sm\" href=\"https:\/\/scholar.google.ch\/citations?user=d8sraYgsli0C\" target=\"_blank\">\n\t\t\t\t\t\t<span class=\"elementor-button-content-wrapper\">\n\t\t\t\t\t\t<span class=\"elementor-button-icon\">\n\t\t\t\t<i aria-hidden=\"true\" class=\"fas fa-book\"><\/i>\t\t\t<\/span>\n\t\t\t\t\t\t\t\t\t<span class=\"elementor-button-text\">Dr. Salamin's Google Scholar Page<\/span>\n\t\t\t\t\t<\/span>\n\t\t\t\t\t<\/a>\n\t\t\t\t<\/div>\n\t\t\t\t\t\t\t\t<\/div>\n\t\t\t\t<\/div>\n\t\t\t\t<div class=\"elementor-element elementor-element-ed55104 elementor-widget__width-initial elementor-widget elementor-widget-html\" data-id=\"ed55104\" data-element_type=\"widget\" data-e-type=\"widget\" data-widget_type=\"html.default\">\n\t\t\t\t<div class=\"elementor-widget-container\">\n\t\t\t\t\t\n<h2><p style=\"color: black\">Preprints<\/p><\/h2>\n<ol>\n\n    <li>\n        <a href=\"https:\/\/arxiv.org\/pdf\/2511.13604\"> <u>\"Long-range entanglement and quantum correlations in a multi-frequency comb system\"<\/u><\/a><br>\n        Authors: Sahil Pontula, Debasmita Banerjee, Marin Solja\u010di\u0107, Yannick Salamin<br>\n        <b>arXiv:2511.13604<\/b> (2025)\n         <a href=\"https:\/\/arxiv.org\/pdf\/2511.13604\" target=\"_blank\" rel=\"noopener\"><i class=\"fa fa-external-link\"><\/i><\/a>\n    <\/li><br>\n    \n    <li>\n        <a href=\"https:\/\/arxiv.org\/abs\/2509.03482\"> <u>\"Programmable control of the spatiotemporal quantum noise of light\"<\/u><\/a><br>\n        Authors: Jamison Sloan, Michael Horodynski, Shiekh Zia Uddin, Yannick Salamin, Michael Birk, Pavel Sidorenko, Ido Kaminer, Marin Solja\u010di\u0107, Nicholas Rivera<br>\n        <b>\tarXiv:2509.03482<\/b> (2025)\n         <a href=\"https:\/\/arxiv.org\/abs\/2509.03482\" target=\"_blank\" rel=\"noopener\"><i class=\"fa fa-external-link\"><\/i><\/a>\n    <\/li><br>\n<\/ol>\n\n\n<h2>Recently Published Papers<\/h2>\n    <ol>\n\n<li>\n    <a href=\"https:\/\/www.nature.com\/articles\/s41377-025-02166-5\"> <u>\"Three-dimensional nanophotonics with spatially modulated optical properties\"<\/u><\/a><br>\n    Authors: Yannick Salamin, Gaojie Yang, Brian Mills, Andr\u00e9 Grossi Fonseca, Charles Roques-Carmes, Quansan Yang, Justin Beroz, Steven E. Kooi, Marc de Miguel Comella, Kiran Mak, Sachin Vaidya, Daniel Oran, Corban Swain, Yi Sun, Shai Maayani, Jamison Sloan, Amel Amin Elfadil Elawad, Josue J. Lopez, Edward S. Boyden &amp; Marin Solja\u010di\u0107 <br>\n    <b>Light: Science &amp; Applications<\/b> 15, 145 (2026)\n     <a href=\"https:\/\/www.nature.com\/articles\/s41377-025-02166-5\" target=\"_blank\" rel=\"noopener\"><i class=\"fa fa-external-link\"><\/i><\/a>\n<\/li><br>\n\n<li>\n    <a href=\"https:\/\/www.nature.com\/articles\/s41467-025-62853-0\"> <u>\"Non-reciprocal frequency conversion in a non-Hermitian multimode nonlinear system\"<\/u><\/a><br>\n    Authors: Sahil Pontula, Sachin Vaidya, Charles Roques-Carmes, Shiekh Zia Uddin, Marin Solja\u010di\u0107, Yannick Salamin<br>\n    <b>Nature Communications<\/b> 16, 7544 (2025)\n     <a href=\"https:\/\/www.nature.com\/articles\/s41467-025-62853-0\" target=\"_blank\" rel=\"noopener\"><i class=\"fa fa-external-link\"><\/i><\/a>\n<\/li><br>\n\n<li>\n    <a href=\"https:\/\/www.nature.com\/articles\/s41467-025-63035-8\"> <u>\"Observing the dynamics of quantum states generated inside nonlinear optical cavities\"<\/u><\/a><br>\n    Authors: Seou Choi, Yannick Salamin, Charles Roques-Carmes, Jamison Sloan, Michael Horodynski, Marin Solja\u010di\u0107<br>\n    <b>Nature Communications<\/b> 16, 7576 (2025)\n     <a href=\"https:\/\/www.nature.com\/articles\/s41467-025-63035-8\" target=\"_blank\" rel=\"noopener\"><i class=\"fa fa-external-link\"><\/i><\/a>\n<\/li><br>\n    \n<li>\n    <a href=\"https:\/\/www.nature.com\/articles\/s41566-025-01677-2\"> <u>\"Noise-immune quantum correlations of light\"<\/u><\/a><br>\n    Authors: Shiekh Zia Uddin, Nicholas Rivera, Devin Seyler, Jamison Sloan, Yannick Salamin, Charles Roques-Carmes, Shutao Xu, Michelle Y. Sander, Ido Kaminer, Marin Solja\u010di\u0107<br>\n    <b>Nature Photonics<\/b> 19, 751-757 (2025)\n     <a href=\"https:\/\/www.nature.com\/articles\/s41566-025-01677-2\" target=\"_blank\" rel=\"noopener\"><i class=\"fa fa-external-link\"><\/i><\/a>\n<\/li><br>\n<li>\n    <a href=\"https:\/\/journals.aps.org\/prresearch\/abstract\/10.1103\/PhysRevResearch.7.L022056\"><u>\"Quantum sensitivity of parametric oscillators\"<\/u><\/a><br>\n    Authors: Alex Gu, Jamison Sloan, Charles Roques-Carmes, Seou Choi, Eric I. Rosenthal, Michael Horodynski, Yannick Salamin, Jelena Vu\u010dkovi\u0107, Marin Solja\u010di\u0107<br>\n    <b>Phys. Rev. Research<\/b> 7, L022056 (2025)\n    <a href=\"https:\/\/journals.aps.org\/prresearch\/abstract\/10.1103\/PhysRevResearch.7.L022056\" target=\"_blank\" rel=\"noopener\"><i class=\"fa fa-external-link\"><\/i><\/a>\n<\/li><br>\n<li>\n    <a href=\"https:\/\/arxiv.org\/abs\/2406.04000\"><u>\"Stochastic logic in biased coupled photonic probabilistic bits\"<\/u><\/a><br>\n    Authors: Michael Horodynski, Charles Roques-Carmes, Yannick Salamin, Seou Choi, Jamison Sloan, Di Luo, Marin Solja\u010di\u0107 <br>\n    <b>Commun Phys<\/b> 8, 31 (2025)\n    <a href=\"https:\/\/www.nature.com\/articles\/s42005-025-01953-1\" target=\"_blank\" rel=\"noopener\"><i class=\"fa fa-external-link\"><\/i><\/a>\n<\/li><br>\n        \n<li>\n    <a href=\"https:\/\/journals.aps.org\/prxquantum\/abstract\/10.1103\/PRXQuantum.5.040345\"><u>\"Shaping Quantum Noise through Cascaded Nonlinear Processes in a Dissipation-Engineered Multimode Cavity\"<\/u><\/a><br>\n    Authors: Sahil Pontula, Yannick Salamin, Charles Roques-Carmes, Marin Solja\u010di\u0107<br>\n     <b>PRX Quantum<\/b> 5, 040345 (2024)\n    <a href=\"https:\/\/journals.aps.org\/prxquantum\/abstract\/10.1103\/PRXQuantum.5.040345\" target=\"_blank\" rel=\"noopener\"><i class=\"fa fa-external-link\"><\/i><\/a>\n<\/li><br>\n<li>\n    <a href=\"https:\/\/www.nature.com\/articles\/s41467-024-51509-0\" target=\"_blank\" rel=\"noopener\"><u>\"Photonic probabilistic machine learning using quantum vacuum noise\"<\/u><\/a><br>\n    Authors: Seou Choi, Yannick Salamin, Charles Roques-Carmes, Rumen Dangovski, Deyu Luo, Zheshen Chen, Michael Horodynski, Jamison Sloan, Sheikh Zia Uddin, Marin Solja\u010di\u0107<br>\n    <b>Nature Communications<\/b> 15, 7760 (2024)\n    <a href=\"https:\/\/www.nature.com\/articles\/s41467-024-51509-0\" target=\"_blank\" rel=\"noopener\"><i class=\"fa fa-external-link\"><\/i><\/a>\n<\/li><br>\n\n\n<li>\n    <a href=\"https:\/\/www.science.org\/doi\/full\/10.1126\/science.adh4920\" target=\"_blank\" rel=\"noopener\"><u>\"Biasing the quantum vacuum to control macroscopic probability distributions\"<\/u><\/a><br>\n    Authors: Charles Roques-Carmes, Yannick Salamin, Jamison Sloan, Seou Choi, Gustavo Velez, Ethan Koskas, Nicholas Rivera, Steven E. Kooi, John D. Joannopoulos, Marin Solja\u010di\u0107<br>\n    <b>Science<\/b> 381 (6654), 205-209 (2023)\n    <a href=\"https:\/\/www.science.org\/doi\/full\/10.1126\/science.adh4920\" target=\"_blank\" rel=\"noopener\"><i class=\"fa fa-external-link\"><\/i><\/a>\n<\/li><br>\n\n<li>\n    <a href=\"https:\/\/www.pnas.org\/doi\/10.1073\/pnas.2219208120\" target=\"_blank\" rel=\"noopener\"><u>\"Creating large Fock states and massively squeezed states in optics using systems with nonlinear bound states in the continuum\"<\/u><\/a><br>\n    Authors: Nicholas Rivera, Jamison Sloan, Yannick Salamin, John D. Joannopoulos, Marin Solja\u010di\u0107<br>\n    <b>PNAS<\/b> 120 (9), e2219208120 (2023)  \n    <a href=\"https:\/\/www.pnas.org\/doi\/10.1073\/pnas.2219208120\" target=\"_blank\" rel=\"noopener\"><i class=\"fa fa-external-link\"><\/i><\/a>\n<\/li><br>\n\n       <\/ol>\n\n<h2>Patents<\/h2>\n<ol>\n    \n    <li>\n        <a href=\"https:\/\/patents.google.com\/patent\/US20250284176A1\/en\"><u>\"Nonlinear Bound States in the Continuum for Intensity Squeezing and Generation of Large Photonic Fock States<\/u><\/a><br>\n        Inventors: Nicholas Rivera, Jamison Sloan, Yannick Salamin, Marin Solja\u010di\u0107<br>\n        US Patent 18,232,529 (2025)  \n        <a href=\"https:\/\/patents.google.com\/patent\/US20250284176A1\/en\" target=\"_blank\" rel=\"noopener\">\n            <i class=\"fa fa-external-link\"><\/i>\n        <\/a>\n    <\/li><br>\n\n    <li>\n        <a href=\"https:\/\/patents.google.com\/patent\/US20240385495A1\/en\"><u>\"Methods And Apparatus To Generate Terahertz Waves Through Cascaded Nonlinear Processes<\/u><\/a><br>\n        Inventors: Yannick Salamin, Charles Roques-Carmes, Zin Lin, Steven G Johnson, Marin Solja\u010di\u0107<br>\n        US Patent 18,288,324 (2024)  \n        <a href=\"https:\/\/patents.google.com\/patent\/US20240385495A1\/en\" target=\"_blank\" rel=\"noopener\">\n            <i class=\"fa fa-external-link\"><\/i>\n        <\/a>\n    <\/li><br>\n    \n    <li>\n        <a href=\"https:\/\/scholar.google.ch\/citations?view_op=view_citation&amp;hl=en&amp;user=d8sraYgsli0C&amp;sortby=pubdate&amp;citation_for_view=d8sraYgsli0C:fEOibwPWpKIC\"><u>\"Methods And Apparatus To Generate Macroscopic Fock And Other Sub-Poissonian States Of Radiation\"<\/u><\/a><br>\n        Inventors: Marin Solja\u010di\u0107, Ido Kaminer, Nicholas Rivera, Jamison Sloan, Yannick Salamin<br>\n        US Patent 18,283,400 (2024)  \n        <a href=\"https:\/\/scholar.google.ch\/citations?view_op=view_citation&amp;hl=en&amp;user=d8sraYgsli0C&amp;sortby=pubdate&amp;citation_for_view=d8sraYgsli0C:fEOibwPWpKIC\" target=\"_blank\" rel=\"noopener\">\n            <i class=\"fa fa-external-link\"><\/i>\n        <\/a>\n    <\/li><br>\n\n    <li>\n        <a href=\"https:\/\/patents.google.com\/patent\/US11499915B2\"> <u>\"Device for THz generation and\/or detection\"<\/u><\/a><br>\n        Inventors: Yannick Salamin, Ping Ma, Ueli Koch, Juerg Leuthold<br>\n        US Patent 11,499,915 (2022)  \n        <a href=\"https:\/\/patents.google.com\/patent\/US11499915B2\" target=\"_blank\" rel=\"noopener\">\n            <i class=\"fa fa-external-link\"><\/i>\n        <\/a>\n    <\/li><br>\n<\/ol>\n\t\t\t\t<\/div>\n\t\t\t\t<\/div>\n\t\t\t\t<div class=\"elementor-element elementor-element-9fad7fe elementor-widget elementor-widget-html\" data-id=\"9fad7fe\" data-element_type=\"widget\" data-e-type=\"widget\" data-widget_type=\"html.default\">\n\t\t\t\t<div class=\"elementor-widget-container\">\n\t\t\t\t\t    <a href=\"https:\/\/scholar.google.ch\/citations?user=d8sraYgsli0C&amp;hl=fr\" target=\"_blank\" rel=\"noopener\">\n      <i class=\"fa fa-external-link\"><\/i> Yannick Salamin - Google Scholar Profile\n    <\/a>\t\t\t\t<\/div>\n\t\t\t\t<\/div>\n\t\t\t\t\t<\/div>\n\t\t<\/div>\n\t\t\t\t\t<\/div>\n\t\t<\/section>\n\t\t\t\t<\/div>\n\t\t","protected":false},"excerpt":{"rendered":"Works For a more comprehnesive list of Dr. Salamin&#8217;s work, feel free to click the button below: Dr. Salamin&#8217;s Google Scholar Page Preprints &#8220;Long-range entanglement and quantum correlations in a multi-frequency comb system&#8221; Authors: Sahil Pontula, Debasmita Banerjee, Marin Solja\u010di\u0107, Yannick Salamin arXiv:2511.13604 (2025) &#8220;Programmable control of the spatiotemporal quantum noise of light&#8221; Authors: Jamison&hellip;","protected":false},"author":83,"featured_media":0,"parent":0,"menu_order":0,"comment_status":"closed","ping_status":"closed","template":"","meta":{"_acf_changed":false,"footnotes":""},"class_list":["post-1284","page","type-page","status-publish","hentry"],"acf":[],"_links":{"self":[{"href":"https:\/\/creol.ucf.edu\/qnp\/wp-json\/wp\/v2\/pages\/1284","targetHints":{"allow":["GET"]}}],"collection":[{"href":"https:\/\/creol.ucf.edu\/qnp\/wp-json\/wp\/v2\/pages"}],"about":[{"href":"https:\/\/creol.ucf.edu\/qnp\/wp-json\/wp\/v2\/types\/page"}],"author":[{"embeddable":true,"href":"https:\/\/creol.ucf.edu\/qnp\/wp-json\/wp\/v2\/users\/83"}],"replies":[{"embeddable":true,"href":"https:\/\/creol.ucf.edu\/qnp\/wp-json\/wp\/v2\/comments?post=1284"}],"version-history":[{"count":191,"href":"https:\/\/creol.ucf.edu\/qnp\/wp-json\/wp\/v2\/pages\/1284\/revisions"}],"predecessor-version":[{"id":2444,"href":"https:\/\/creol.ucf.edu\/qnp\/wp-json\/wp\/v2\/pages\/1284\/revisions\/2444"}],"wp:attachment":[{"href":"https:\/\/creol.ucf.edu\/qnp\/wp-json\/wp\/v2\/media?parent=1284"}],"curies":[{"name":"wp","href":"https:\/\/api.w.org\/{rel}","templated":true}]}}